{"id":2582,"date":"2021-07-15T10:53:56","date_gmt":"2021-07-15T10:53:56","guid":{"rendered":"https:\/\/zarmentes.hu\/cookie-policy\/"},"modified":"2022-04-28T12:07:38","modified_gmt":"2022-04-28T12:07:38","slug":"cookie-policy","status":"publish","type":"page","link":"https:\/\/zarmentes.hu\/en\/cookie-policy","title":{"rendered":"Use of cookies (cookies)"},"content":{"rendered":"<div data-elementor-type=\"wp-page\" data-elementor-id=\"2582\" class=\"elementor elementor-2582\" data-elementor-post-type=\"page\">\n\t\t\t\t\t\t<section class=\"elementor-section elementor-top-section elementor-element elementor-element-5a325912 elementor-section-boxed elementor-section-height-default elementor-section-height-default\" data-id=\"5a325912\" data-element_type=\"section\" data-e-type=\"section\">\n\t\t\t\t\t\t<div class=\"elementor-container elementor-column-gap-default\">\n\t\t\t\t\t<div class=\"elementor-column elementor-col-100 elementor-top-column elementor-element elementor-element-4b7972d4\" data-id=\"4b7972d4\" data-element_type=\"column\" data-e-type=\"column\">\n\t\t\t<div class=\"elementor-widget-wrap elementor-element-populated\">\n\t\t\t\t\t\t<div class=\"elementor-element elementor-element-7af028d7 elementor-widget elementor-widget-text-editor\" data-id=\"7af028d7\" data-element_type=\"widget\" data-e-type=\"widget\" data-widget_type=\"text-editor.default\">\n\t\t\t\t<div class=\"elementor-widget-container\">\n\t\t\t\t\t\t\t\t\t<p>A jelen S\u00fcti (angolul Cookie) Szab\u00e1lyzat (a tov\u00e1bbiakban: cookie)\u00a0<strong>\u00a0F\u00e1bi\u00e1n G\u00e1bor E.V.<\/strong>, mint szolg\u00e1ltat\u00f3 (\u201cSzolg\u00e1ltat\u00f3\u201d) \u00e1ltal \u00fczemeltetett honlap haszn\u00e1lat\u00e1ra vonatkoz\u00f3 cookie felt\u00e9teleket tartalmazz\u00e1k. A weboldal kialak\u00edt\u00e1s\u00e1n\u00e1l figyelt\u00fcnk a cookie-k tov\u00e1bbi felhaszn\u00e1l\u00e1s\u00e1ra vonatkoz\u00f3 el\u0151\u00edr\u00e1sokra. Ezen haszn\u00e1latra vonatkoz\u00f3an az al\u00e1bbi el\u0151\u00edr\u00e1sokat vett\u00fck figyelembe \u00e9s ezeknek megfelel\u0151en haszn\u00e1ljuk:<\/p><p>\u00a0<\/p><ul><li><a href=\"http:\/\/net.jogtar.hu\/jr\/gen\/hjegy_doc.cgi?docid=A0300100.TV\" target=\"_blank\" rel=\"noreferrer noopener\">\u00e9vi C. t\u00f6rv\u00e9ny az elektronikus h\u00edrk\u00f6zl\u00e9sr\u0151l<\/a><\/li><li><a href=\"http:\/\/net.jogtar.hu\/jr\/gen\/hjegy_doc.cgi?docid=A0100108.TV\" target=\"_blank\" rel=\"noreferrer noopener\">\u00e9vi CVIII. t\u00f6rv\u00e9ny az elektronikus kereskedelmi szolg\u00e1ltat\u00e1sok, valamint az inform\u00e1ci\u00f3s t\u00e1rsadalommal \u00f6sszef\u00fcgg\u0151 szolg\u00e1ltat\u00e1sok egyes k\u00e9rd\u00e9seir\u0151l<\/a><\/li><li><a href=\"http:\/\/net.jogtar.hu\/jr\/gen\/hjegy_doc.cgi?docid=A1100112.TV\" target=\"_blank\" rel=\"noreferrer noopener\">\u00e9vi CXII. t\u00f6rv\u00e9ny az inform\u00e1ci\u00f3s \u00f6nrendelkez\u00e9si jogr\u00f3l \u00e9s az inform\u00e1ci\u00f3szabads\u00e1gr\u00f3l<\/a><\/li><li><a href=\"http:\/\/eur-lex.europa.eu\/LexUriServ\/LexUriServ.do?uri=CELEX:32002L0058:HU:HTML\" target=\"_blank\" rel=\"noreferrer noopener\">2002\/58\/EK ir\u00e1nyelv (2002. j\u00falius 12.) az elektronikus h\u00edrk\u00f6zl\u00e9si \u00e1gazatban a szem\u00e9lyes adatok kezel\u00e9s\u00e9r\u0151l, feldolgoz\u00e1s\u00e1r\u00f3l \u00e9s a mag\u00e1n\u00e9let v\u00e9delm\u00e9r\u0151l (\u201cElektronikus h\u00edrk\u00f6zl\u00e9si adatv\u00e9delmi ir\u00e1nyelv\u201d)<\/a><\/li><\/ul><p>K\u00e9rj\u00fck, hogy a dokumentumot figyelmesen olvassa el \u00e9s csak akkor vegye ig\u00e9nybe szolg\u00e1ltat\u00e1somat, amennyiben minden pontj\u00e1val egyet\u00e9rt \u00e9s azokat \u00d6nre (a tov\u00e1bbiakban: Felhaszn\u00e1l\u00f3) n\u00e9zve k\u00f6telez\u0151 \u00e9rv\u00e9ny\u0171nek elfogadja. Felh\u00edvjuk figyelm\u00e9t, hogy jelen szab\u00e1lyzat csak az adott weboldalon t\u00f6rt\u00e9n\u0151 cookie-kezel\u00e9sre vonatkozik. Amennyiben \u00d6n a honlapon tal\u00e1lhat\u00f3, k\u00fcls\u0151 ir\u00e1nyba t\u00f6rt\u00e9n\u0151 hivatkoz\u00e1sra kattint, akkor keresse meg \u00e9s olvassa \u00e1t azon weboldal saj\u00e1t szab\u00e1lyzat\u00e1t is.<\/p><p>\u00a0<\/p><h3><strong>A cookie \/ s\u00fcti<\/strong><\/h3><p>\u00a0<\/p><p>A cookie vagy s\u00fcti jelent\u00e9se: file-ok vagy inform\u00e1ci\u00f3 darabk\u00e1k, amelyeket internetes b\u00f6ng\u00e9sz\u0151je ment le honlapunkr\u00f3l \u00e9s t\u00e1rolja azokat az \u00d6n g\u00e9p\u00e9n. Ezeknek a cookie-knak a seg\u00edts\u00e9g\u00e9vel ismeri fel a honlapunk anyagait t\u00e1rol\u00f3 szerver sz\u00e1m\u00edt\u00f3g\u00e9p a honlapunkra t\u00f6rt\u00e9n\u0151 visszal\u00e1togat\u00e1sakor, hogy \u00d6n m\u00e1r j\u00e1rt a honlapjainkon.<\/p><p>\u00a0<\/p><p>A legt\u00f6bb internetes b\u00f6ng\u00e9sz\u0151 alapbe\u00e1ll\u00edt\u00e1s\u00e1b\u00f3l kifoly\u00f3lag elfogad cookie-kat. Ha \u00fagy gondolja, \u00e1t\u00e1ll\u00edthatja b\u00f6ng\u00e9sz\u0151j\u00e9t, hogy a cookie-kat visszautas\u00edtsa vagy figyelmeztesse \u00d6nt arra, hogy cookie-kat k\u00fcldtek az \u00d6n g\u00e9p\u00e9re. Weboldalunk haszn\u00e1l ilyen cookie f\u00e1jlokat, egyes funkci\u00f3k biztos\u00edt\u00e1sa \u00e9rdek\u00e9ben vagy csup\u00e1n k\u00e9nyelmi okok miatt. Az \u00e1ltalunk haszn\u00e1lt cookie-k\u00a0nem terhelik, lass\u00edtj\u00e1k \u00e9s nem okoznak k\u00e1rt az \u00d6n sz\u00e1m\u00edt\u00f3g\u00e9p\u00e9ben.<\/p><p>\u00a0<\/p><p>Az oldal Harmadik f\u00e9lt\u0151l sz\u00e1rmaz\u00f3 cookie-k, s\u00fctik haszn\u00e1lata is t\u00f6rt\u00e9nik a weboldalon.\u00a0A cookie-k, s\u00fctit t\u00f6r\u00f6lhet\u0151ek \u00e9s tilthat\u00f3ak a b\u00f6ng\u00e9sz\u0151kb\u0151l. Tov\u00e1bb\u00e1 le is tilthat\u00f3ak a s\u00fctik, cookie-k. Ezen be\u00e1ll\u00edt\u00e1sair\u00f3l a b\u00f6ng\u00e9sz\u0151 hivatalos weboldal\u00e1n tal\u00e1l inform\u00e1ci\u00f3t.<\/p><p>\u00a0<\/p><h3><strong>Mi a cookie-k c\u00e9lja?<\/strong><\/h3><p>\u00a0<\/p><p>T\u00f6bbf\u00e9le c\u00e9lra is haszn\u00e1ljuk ezeket a technol\u00f3gi\u00e1kat, p\u00e9ld\u00e1ul a Felhaszn\u00e1l\u00f3 sz\u00e1m\u00e1ra legrelev\u00e1nsabb tartalom vagy hirdet\u00e9s megjelen\u00edt\u00e9s\u00e9re; term\u00e9keink \u00e9s szolg\u00e1ltat\u00e1saink tov\u00e1bbfejleszt\u00e9s\u00e9re; valamint szolg\u00e1ltat\u00e1saink biztons\u00e1g\u00e1nak meg\u0151rz\u00e9s\u00e9re. Az \u00e1ltalunk haszn\u00e1lt cookie-k, k\u00e9ppontok \u00e9s egy\u00e9b hasonl\u00f3 technol\u00f3gi\u00e1k pontos neve a szolg\u00e1ltat\u00e1sok fejleszt\u00e9s\u00e9vel \u00e9s friss\u00edt\u00e9s\u00e9vel id\u0151r\u0151l-id\u0151re v\u00e1ltozhat.<\/p><p>\u00a0<\/p><h3><strong>Hogyan keletkezik a cookie?<\/strong><\/h3><p>\u00a0<\/p><p>El\u0151sz\u00f6r a kliens g\u00e9p k\u00fcld egy k\u00e9r\u00e9st a kiszolg\u00e1l\u00f3 ir\u00e1ny\u00e1ba. Ekkor a kiszolg\u00e1l\u00f3 l\u00e9trehoz egy egyedi azonos\u00edt\u00f3t \u00e9s ezt elt\u00e1rolja a saj\u00e1t adatb\u00e1zis\u00e1ban, majd az \u00edgy l\u00e9trehozott cookie-t az \u00f6sszes inform\u00e1ci\u00f3val visszak\u00fcldi a kliensnek. Az \u00edgy visszakapott inform\u00e1ci\u00f3s cookie elt\u00e1rol\u00f3dik a kliens g\u00e9pen.<\/p><p>\u00a0<\/p><h3><strong>Hogyan haszn\u00e1l\u00f3dik a cookie?<\/strong><\/h3><p>\u00a0<\/p><p>Amikor a kliens g\u00e9p \u00fajra kapcsolatba l\u00e9p a kiszolg\u00e1l\u00f3val m\u00e1r hozz\u00e1csatolja az el\u0151z\u0151leg m\u00e1r l\u00e9trehozott \u00e9s elt\u00e1rolt cookie-t. A kiszolg\u00e1l\u00f3 \u00f6sszehasonl\u00edtja a kapott \u00e9s az \u00e1ltala t\u00e1rolt cookie tartalm\u00e1t. Ez \u00e1ltal k\u00f6nnyed\u00e9n azonos\u00edtja pl. a regisztr\u00e1lt felhaszn\u00e1l\u00f3t.<\/p><p>\u00a0<\/p><h3><strong>Milyen cookie-t haszn\u00e1lunk?<\/strong><\/h3><p>\u00a0<\/p><p>T\u00f6bbf\u00e9le cookie van haszn\u00e1latban, de minden weboldal m\u00e1sf\u00e9le t\u00edpus\u00faakat haszn\u00e1l. Honlapunk \u00e1ltal\u00e1ban csak az al\u00e1bbiakat haszn\u00e1lja, de a fejleszt\u00e9sek alkalm\u00e1val el\u0151fordulhat, hogy az eddigieken fel\u00fcl \u00fajabb fajt\u00e1kat is alkalmazunk.<\/p><p>\u00a0<\/p><p><strong>Munkameneti\/\u00c1tmeneti cookie:<\/strong><\/p><p>\u00a0<\/p><ul><li>ezek a cookie-k csak \u00e1tmenetileg ker\u00fclnek az ideiglenes mem\u00f3ri\u00e1ba, ameddig a felhaszn\u00e1l\u00f3 az oldalon navig\u00e1l. Amikor a felhaszn\u00e1l\u00f3 bez\u00e1rja a b\u00f6ng\u00e9sz\u0151t a cookie t\u00f6rl\u0151dik. Ezek a cookie-k nem tartalmaznak szem\u00e9lyes adatokat \u00e9s nem alkalmasak arra, hogy a l\u00e1togat\u00f3t beazonos\u00edtsa.<\/li><\/ul><p><strong>T\u00e1rolt\/\u00c1lland\u00f3 cookie:<\/strong><\/p><p>\u00a0<\/p><ul><li>ezek azok a cookie-k, amelyek minden alkalommal haszn\u00e1latba ker\u00fclnek, amikor a felhaszn\u00e1l\u00f3 az oldalra l\u00e1togat. A cookie-k fajt\u00e1ja alapj\u00e1n az al\u00e1bbiak szerint haszn\u00e1lhatjuk ezeket:<\/li><\/ul><p><strong>Analitika\/Elemz\u00e9s:<\/strong><\/p><p>\u00a0<\/p><ul><li>ez mutatja meg, hogy a weboldalon bel\u00fcl merre j\u00e1rt, milyen term\u00e9keket n\u00e9zett meg, mit csin\u00e1lt. A cookie \u00e9lettartam\u00e1t\u00f3l f\u00fcgg\u0151en marad a kliens g\u00e9pen. Olyan funkci\u00f3k haszn\u00e1lhatj\u00e1k, mint p\u00e9ld\u00e1ul a Google Analytics vagy a Youtube. Ezek a cookie-k nem tartalmaznak szem\u00e9lyes adatokat \u00e9s nem alkalmasak arra, hogy a l\u00e1togat\u00f3t beazonos\u00edtsa.<\/li><\/ul><p><strong>K\u00f6z\u00f6ss\u00e9gi h\u00e1l\u00f3zatok:<\/strong><\/p><p>\u00a0<\/p><ul><li>lehet\u0151v\u00e9 teszi, hogy k\u00f6nnyen hozz\u00e1f\u00e9rjen a k\u00f6z\u00f6ss\u00e9gi m\u00e9dia h\u00e1l\u00f3zatokhoz, megoszthassa v\u00e9lem\u00e9ny\u00e9t, term\u00e9keink inform\u00e1ci\u00f3it m\u00e1sokkal. Olyan harmadik f\u00e9l \u00e1ltal ny\u00fajtott funkci\u00f3k haszn\u00e1lhatj\u00e1k, mint p\u00e9ld\u00e1ul a Facebook, Twitter, Google+, Pinterest vagy a Youtube. Ezek a cookie-k tartalmazhatnak szem\u00e9lyes adatokat \u00e9s alkalmasak a l\u00e1togat\u00f3 beazonos\u00edt\u00e1s\u00e1ra.<\/li><\/ul><p><strong>M\u00e9dia:<\/strong><\/p><p>\u00a0<\/p><ul><li>ezek seg\u00edts\u00e9g\u00e9vel k\u00e9pes p\u00e9ld\u00e1ul vide\u00f3kat megtekinteni az oldalon. Olyan harmadik f\u00e9l \u00e1ltal ny\u00fajtott funkci\u00f3k haszn\u00e1lj\u00e1k, mint p\u00e9ld\u00e1ul a Youtube. Ezek a cookie-k nem tartalmaznak szem\u00e9lyes adatokat \u00e9s nem alkalmasak arra, hogy a l\u00e1togat\u00f3t beazonos\u00edtsa.<\/li><\/ul><p><strong>Funkcion\u00e1lis:<\/strong><\/p><p>\u00a0<\/p><ul><li>ez mutatja meg, hogy a felhaszn\u00e1l\u00f3 j\u00e1rt-e m\u00e1r az oldalon \u00e9s azt milyen eszk\u00f6zzel tette. Megjegyzi a felhaszn\u00e1l\u00f3 nevet, jelsz\u00f3t, v\u00e1lasztott nyelvet, tart\u00f3zkod\u00e1si inform\u00e1ci\u00f3kat. Ezek a cookie-k tartalmazhatnak szem\u00e9lyes adatokat \u00e9s alkalmasak a l\u00e1togat\u00f3 beazonos\u00edt\u00e1s\u00e1ra.<\/li><\/ul><p><strong>Rekl\u00e1m:<\/strong><\/p><p>\u00a0<\/p><ul><li>ezek seg\u00edts\u00e9g\u00e9vel az \u00e9rdekl\u0151d\u00e9s\u00e9nek megfelel\u0151 inform\u00e1ci\u00f3kat, h\u00edrleveleket tudok k\u00fcldeni a felhaszn\u00e1l\u00f3nak. Ezek a cookie-k tartalmazhatnak szem\u00e9lyes adatokat \u00e9s alkalmasak a l\u00e1togat\u00f3 beazonos\u00edt\u00e1s\u00e1ra.<\/li><\/ul><p><em>A Cookie-k fajt\u00e1ival \u00e9s teljes m\u00e9rt\u00e9k\u0171 funkci\u00f3jukat le\u00edr\u00f3 inform\u00e1ci\u00f3kkal kapcsolatban keresse fel a www.allaboutcookies.org weboldalt.<\/em><\/p><p>\u00a0<\/p><h3><strong>Hogyan t\u00f6rt\u00e9nik a Cookie-k kezel\u00e9se?<\/strong><\/h3><p>\u00a0<\/p><p>K\u00fcl\u00f6nf\u00e9le m\u00f3dokon, de a kliensnek lehet\u0151s\u00e9ge van t\u00f6bbf\u00e9le m\u00f3don be\u00e1ll\u00edtani a cookie-k kezel\u00e9s\u00e9re vonatkoz\u00f3an b\u00f6ng\u00e9sz\u0151j\u00e9t. \u00c1ltal\u00e1noss\u00e1gban elmondhat\u00f3, hogy az al\u00e1bbiak szerint h\u00e1romf\u00e9le m\u00f3don \u00e1ll\u00edthat\u00f3ak be a b\u00f6ng\u00e9sz\u0151k:<\/p><p>\u00a0<\/p><ul><li>Minden cookie elfogad\u00e1sa<\/li><li>Minden cookie elutas\u00edt\u00e1sa<\/li><li>Minden egyes cookie haszn\u00e1latr\u00f3l \u00e9rtes\u00edt\u00e9s k\u00e9r\u00e9se<\/li><\/ul><p>A cookie-k be\u00e1ll\u00edt\u00e1saival kapcsolatban \u00e9rdemes k\u00f6r\u00fcln\u00e9zni b\u00f6ng\u00e9sz\u0151je \u201eOpci\u00f3k\u201d vagy \u201eBe\u00e1ll\u00edt\u00e1sok\u201d men\u00fcj\u00e9ben vagy ig\u00e9ybe venni keres\u0151je \u201eSeg\u00edts\u00e9g\u201d men\u00fcj\u00e9t. A leggyakrabban haszn\u00e1lt b\u00f6ng\u00e9sz\u0151k be\u00e1ll\u00edt\u00e1saival kapcsolatban seg\u00edts\u00e9get ny\u00fajthatnak az al\u00e1bbi weboldalak.<\/p><p>\u00a0<\/p><ul><li>Internet Explorer<\/li><li>Firefox<\/li><li>Chrome<\/li><\/ul><p>Fontos megjegyezni, hogy a weboldal cookie kezel\u00e9ssel k\u00e9sz\u00fclt. Amennyiben a kliens r\u00e9szlegesen vagy teljes eg\u00e9sz\u00e9ben letiltja ezek haszn\u00e1lat\u00e1t, megakad\u00e1lyozhatja a weboldal m\u0171k\u00f6d\u00e9s\u00e9t. Amennyiben ez \u00edgy t\u00f6rt\u00e9nik, lehetnek olyan funkci\u00f3k \u00e9s szolg\u00e1ltat\u00e1sok, amelyeket nem fog tudni ig\u00e9nybe venni teljes, vagy r\u00e9szleges m\u00e9rt\u00e9kben.<\/p><p>\u00a0<\/p><p>Akkor is haszn\u00e1lunk cookie-kat, ha nincs a Felhaszn\u00e1l\u00f3nak regisztr\u00e1lt fi\u00f3kja, illetve ha kijelentkezett a fi\u00f3kb\u00f3l. Ha p\u00e9ld\u00e1ul a Felhaszn\u00e1l\u00f3 kijelentkezett a fi\u00f3kj\u00e1b\u00f3l, a k\u00f6vetkez\u0151k megk\u00f6nny\u00edt\u00e9s\u00e9re haszn\u00e1lunk cookie-kat:<\/p><p>\u00a0<\/p><ul><li>lev\u00e9lszemetet (spam) k\u00fcld\u0151k fi\u00f3kjainak azonos\u00edt\u00e1sa \u00e9s letilt\u00e1sa<\/li><li>a fi\u00f3k helyre\u00e1ll\u00edt\u00e1sa, ha esetleg elveszten\u00e9 a hozz\u00e1f\u00e9r\u00e9st<\/li><li>tov\u00e1bbi biztons\u00e1gi funkci\u00f3k biztos\u00edt\u00e1sa, mint p\u00e9ld\u00e1ul a bejelentkez\u00e9si \u00e9rtes\u00edt\u00e9sek \u00e9s a bejelentkez\u00e9s-j\u00f3v\u00e1hagy\u00e1sok<\/li><li>kiskor\u00fa szem\u00e9lyek hamis sz\u00fclet\u00e9si d\u00e1tummal val\u00f3 regisztr\u00e1l\u00e1s\u00e1nak megakad\u00e1lyoz\u00e1sa<\/li><li>az oldalon \u00e9s m\u00e1shol megjelen\u00edtett hirdet\u00e9sek megjelen\u00edt\u00e9se, kiv\u00e1laszt\u00e1sa, \u00e9rt\u00e9kel\u00e9se, m\u00e9r\u00e9se \u00e9s \u00e9rtelmez\u00e9se (a t\u00e1rsv\u00e1llalkoz\u00e1saink vagy partnereink \u00e1ltal vagy nev\u00e9ben megjelen\u00edtett hirdet\u00e9seket is bele\u00e9rtve)<\/li><li>elemz\u00e9si inform\u00e1ci\u00f3k \u00f6ssze\u00e1ll\u00edt\u00e1sa azokr\u00f3l a szem\u00e9lyekr\u0151l, akik szolg\u00e1ltat\u00e1sainkkal, valamint hirdet\u0151ink \u00e9s partnereink weboldalaival \u00e9rintkez\u00e9sbe l\u00e9pnek.<\/li><\/ul><p>A szolg\u00e1ltat\u00e1sok \u00e9s haszn\u00e1l\u00f3inak rosszindulat\u00fa tev\u00e9kenys\u00e9gekkel szembeni v\u00e9delem \u00e9rdek\u00e9ben akkor is elhelyez\u00fcnk cookie-kat, ha nincs a Felhaszn\u00e1l\u00f3nak fi\u00f3kja regisztr\u00e1lva, de ell\u00e1togatott a webhely\u00fcnkre. P\u00e9ld\u00e1ul ezek a cookie-k seg\u00edtenek \u00e9szleln\u00fcnk \u00e9s megakad\u00e1lyoznunk a szolg\u00e1ltat\u00e1s megszak\u00edt\u00e1s\u00e1t c\u00e9lz\u00f3 t\u00e1mad\u00e1sokat, valamint a hamis fi\u00f3kok t\u00f6meges l\u00e9trehoz\u00e1s\u00e1t.<\/p><p>\u00a0<\/p><p>Ha a b\u00f6ng\u00e9sz\u0151ben, vagy a k\u00e9sz\u00fcl\u00e9ken vannak cookie-k, le tudjuk olvasni az adott cookie-t, amikor k\u00f6z\u00f6ss\u00e9gi modullal rendelkez\u0151 weboldalra l\u00e1togat. A K\u00f6z\u00f6ss\u00e9gi honlapok (Facebook, Twitter, LinkedIn, GooglePlus) \u00e1ltal l\u00e9trehozott cookie-k\u00e9rt azon oldalakat \u00fczemeltet\u0151 felel, melyr\u0151l az adott k\u00f6z\u00f6ss\u00e9gi oldal honlapj\u00e1n tud inform\u00e1l\u00f3dni.<\/p><p>\u00a0<\/p><h3><strong>Az \u00d6n hozz\u00e1j\u00e1rul\u00e1sa<\/strong><\/h3><p>\u00a0<\/p><p>A honlap b\u00f6ng\u00e9sz\u00e9s\u00e9vel elfogadja, hogy cookie-kat helyezz\u00fcnk el az \u00d6n sz\u00e1m\u00edt\u00f3g\u00e9p\u00e9n abb\u00f3l a c\u00e9lb\u00f3l, hogy elemezni tudjuk, hogyan haszn\u00e1lja honlapunkat. Hogyha nem egyezik bele, hogy cookie-kat haszn\u00e1ljunk, amikor \u00d6n ezen az oldalon b\u00f6ng\u00e9szik, el\u0151fordulhat, hogy weboldalunk nem fog teljesk\u00f6r\u0171en m\u0171k\u00f6dni.<\/p><p>\u00a0<\/p><h3><strong>Hogyan lehet t\u00f6r\u00f6lni\/kikapcsolni a cookie-kat?<\/strong><\/h3><p>\u00a0<\/p><p>Minden b\u00f6ng\u00e9sz\u0151 lehet\u0151v\u00e9 teszi a cookie be\u00e1ll\u00edt\u00e1sainak v\u00e1ltoztat\u00e1s\u00e1t. Viszont nagyon fontos, hogy mivel a cookie-k c\u00e9lja weboldalunk haszn\u00e1lhat\u00f3s\u00e1g\u00e1nak \u00e9s folyamatainak megk\u00f6nny\u00edt\u00e9se, a cookie-k alkalmaz\u00e1s\u00e1nak megakad\u00e1lyoz\u00e1sa vagy t\u00f6rl\u00e9se eset\u00e9n el\u0151fordulhat, hogy felhaszn\u00e1l\u00f3ink nem lesznek k\u00e9pesek weboldalunk funkci\u00f3inak teljes k\u00f6r\u0171 haszn\u00e1lat\u00e1ra, illetve hogy a weboldal a tervezett\u0151l elt\u00e9r\u0151en fog m\u0171k\u00f6dni b\u00f6ng\u00e9sz\u0151j\u00e9ben.<\/p><p>\u00a0<\/p><p>\u00c1ltal\u00e1ban a b\u00f6ng\u00e9sz\u0151k \u201eBe\u00e1ll\u00edt\u00e1sok\u201d men\u00fciben tal\u00e1lhat\u00f3k a cookie-kal kapcsolatos be\u00e1ll\u00edt\u00e1sok. A cookie-k be\u00e1ll\u00edt\u00e1s\u00e1val kapcsolatban az al\u00e1bbi linkek is seg\u00edts\u00e9g\u00e9re szolg\u00e1lnak, valamint tov\u00e1bbi inform\u00e1ci\u00f3t az egyes b\u00f6ng\u00e9sz\u0151k \u201eS\u00fag\u00f3\u201d men\u00fcj\u00e9ben tal\u00e1l.<\/p><p>\u00a0<\/p><p>A legn\u00e9pszer\u0171bb b\u00f6ng\u00e9sz\u0151k cookie be\u00e1ll\u00edt\u00e1sair\u00f3l az al\u00e1bbi linkeken t\u00e1j\u00e9koz\u00f3dhat:<\/p><p>\u00a0<\/p><ul><li><a href=\"https:\/\/support.mozilla.org\/hu\/kb\/S%C3%BCtik%20kezel%C3%A9se\">Firefox<\/a><\/li><li><a href=\"http:\/\/help.opera.com\/Windows\/9.63\/hu\/cookies.html\">Opera<\/a><\/li><li><a href=\"https:\/\/support.google.com\/accounts\/answer\/61416?hl=hu\">Google Chrome<\/a><\/li><li><a href=\"http:\/\/windows.microsoft.com\/hu-hu\/internet-explorer\/delete-manage-cookies#ie=ie-11\">Internet Explorer 11<\/a><\/li><li><a href=\"http:\/\/windows.microsoft.com\/hu-hu\/internet-explorer\/delete-manage-cookies#ie=ie-10\">Internet Explorer 10<\/a><\/li><li><a href=\"http:\/\/windows.microsoft.com\/hu-hu\/internet-explorer\/delete-manage-cookies#ie=ie-9\">Internet Explorer 9<\/a><\/li><li><a href=\"http:\/\/windows.microsoft.com\/hu-hu\/internet-explorer\/delete-manage-cookies#ie=ie-8\">Internet Explorer 8<\/a><\/li><li><a href=\"https:\/\/support.apple.com\/kb\/PH19214?locale=hu_HU\">Safari<\/a><\/li><\/ul><h3><strong>Hogyan lehet visszavonni a hozz\u00e1j\u00e1rul\u00e1st?<\/strong><\/h3><p>\u00a0<\/p><p>Ha hozz\u00e1j\u00e1rult a cookie-k haszn\u00e1lat\u00e1hoz, a b\u00f6ng\u00e9sz\u0151 cookie-kat t\u00e1rol az \u00d6n sz\u00e1m\u00edt\u00f3g\u00e9p\u00e9n vagy egy\u00e9b eszk\u00f6z\u00e9n, hogy rendszer\u00fcnk felismerje be\u00e1ll\u00edt\u00e1sait. A hozz\u00e1j\u00e1rul\u00e1s \u00e9rv\u00e9nyess\u00e9ge id\u0151nk\u00e9nt lej\u00e1r. Azonban, hogyha szeretn\u00e9 visszavonni hozz\u00e1j\u00e1rul\u00e1s\u00e1t, a b\u00f6ng\u00e9sz\u0151je cookie be\u00e1ll\u00edt\u00e1sai k\u00f6z\u00f6tt b\u00e1rmikor megteheti.<\/p><p>\u00a0<\/p><h3><strong>Tov\u00e1bbi inform\u00e1ci\u00f3k a cookie-kr\u00f3l<\/strong><\/h3><p>\u00a0<\/p><p>A cookie-kal kapcsolatos r\u00e9szletesebb tudnival\u00f3k\u00e9rt keresse fel az al\u00e1bbi weboldalakat:<\/p><p>\u00a0<\/p><ul><li>Tov\u00e1bbi inform\u00e1ci\u00f3 a\u00a0<a href=\"http:\/\/www.allaboutcookies.org\/\">Cookiekr\u0151l \u00e1ltal\u00e1ban<\/a>, illetve a\u00a0<a href=\"http:\/\/www.aboutcookies.org\/\">Cookie-k haszn\u00e1lat\u00e1r\u00f3l \u00e9s azok t\u00f6rl\u00e9s\u00e9r\u0151l<\/a>, blokkol\u00e1s\u00e1r\u00f3l<\/li><li>Tov\u00e1bbi inform\u00e1ci\u00f3 a\u00a0<a href=\"http:\/\/tools.google.com\/dlpage\/gaoptout\">Google Analytics \u00e1ltal haszn\u00e1lt cookiek-r\u00f3l<\/a>\u00a0\u00e9s azok t\u00f6rl\u00e9s\u00e9r\u0151l, blokkol\u00e1s\u00e1r\u00f3l<\/li><li><a href=\"http:\/\/cookiepedia.co.uk\/cookie-laws-across-europe\">http:\/\/cookiepedia.co.uk\/cookie-laws-across-europe<\/a><\/li><\/ul>\t\t\t\t\t\t\t\t<\/div>\n\t\t\t\t<\/div>\n\t\t\t\t\t<\/div>\n\t\t<\/div>\n\t\t\t\t\t<\/div>\n\t\t<\/section>\n\t\t\t\t<\/div>","protected":false},"excerpt":{"rendered":"<p>A jelen S\u00fcti (angolul Cookie) Szab\u00e1lyzat (a tov\u00e1bbiakban: cookie)\u00a0\u00a0F\u00e1bi\u00e1n G\u00e1bor E.V., mint szolg\u00e1ltat\u00f3 (\u201cSzolg\u00e1ltat\u00f3\u201d) \u00e1ltal \u00fczemeltetett honlap haszn\u00e1lat\u00e1ra vonatkoz\u00f3 cookie felt\u00e9teleket tartalmazz\u00e1k. A weboldal kialak\u00edt\u00e1s\u00e1n\u00e1l figyelt\u00fcnk a cookie-k tov\u00e1bbi felhaszn\u00e1l\u00e1s\u00e1ra vonatkoz\u00f3 el\u0151\u00edr\u00e1sokra. Ezen haszn\u00e1latra vonatkoz\u00f3an az al\u00e1bbi el\u0151\u00edr\u00e1sokat vett\u00fck figyelembe \u00e9s ezeknek megfelel\u0151en haszn\u00e1ljuk: \u00a0 \u00e9vi C. t\u00f6rv\u00e9ny az elektronikus h\u00edrk\u00f6zl\u00e9sr\u0151l \u00e9vi CVIII. t\u00f6rv\u00e9ny az [&hellip;]<\/p>\n","protected":false},"author":1,"featured_media":0,"parent":0,"menu_order":0,"comment_status":"closed","ping_status":"closed","template":"","meta":{"_seopress_robots_primary_cat":"","_seopress_titles_title":"","_seopress_titles_desc":"","_seopress_robots_index":"","site-sidebar-layout":"default","site-content-layout":"","ast-site-content-layout":"default","site-content-style":"default","site-sidebar-style":"default","ast-global-header-display":"","ast-banner-title-visibility":"","ast-main-header-display":"","ast-hfb-above-header-display":"","ast-hfb-below-header-display":"","ast-hfb-mobile-header-display":"","site-post-title":"","ast-breadcrumbs-content":"","ast-featured-img":"","footer-sml-layout":"","ast-disable-related-posts":"","theme-transparent-header-meta":"","adv-header-id-meta":"","stick-header-meta":"","header-above-stick-meta":"","header-main-stick-meta":"","header-below-stick-meta":"","astra-migrate-meta-layouts":"default","ast-page-background-enabled":"default","ast-page-background-meta":{"desktop":{"background-color":"","background-image":"","background-repeat":"repeat","background-position":"center center","background-size":"auto","background-attachment":"scroll","background-type":"","background-media":"","overlay-type":"","overlay-color":"","overlay-opacity":"","overlay-gradient":""},"tablet":{"background-color":"","background-image":"","background-repeat":"repeat","background-position":"center center","background-size":"auto","background-attachment":"scroll","background-type":"","background-media":"","overlay-type":"","overlay-color":"","overlay-opacity":"","overlay-gradient":""},"mobile":{"background-color":"","background-image":"","background-repeat":"repeat","background-position":"center center","background-size":"auto","background-attachment":"scroll","background-type":"","background-media":"","overlay-type":"","overlay-color":"","overlay-opacity":"","overlay-gradient":""}},"ast-content-background-meta":{"desktop":{"background-color":"var(--ast-global-color-5)","background-image":"","background-repeat":"repeat","background-position":"center center","background-size":"auto","background-attachment":"scroll","background-type":"","background-media":"","overlay-type":"","overlay-color":"","overlay-opacity":"","overlay-gradient":""},"tablet":{"background-color":"var(--ast-global-color-5)","background-image":"","background-repeat":"repeat","background-position":"center center","background-size":"auto","background-attachment":"scroll","background-type":"","background-media":"","overlay-type":"","overlay-color":"","overlay-opacity":"","overlay-gradient":""},"mobile":{"background-color":"var(--ast-global-color-5)","background-image":"","background-repeat":"repeat","background-position":"center center","background-size":"auto","background-attachment":"scroll","background-type":"","background-media":"","overlay-type":"","overlay-color":"","overlay-opacity":"","overlay-gradient":""}},"footnotes":""},"class_list":["post-2582","page","type-page","status-publish","hentry"],"_links":{"self":[{"href":"https:\/\/zarmentes.hu\/en\/wp-json\/wp\/v2\/pages\/2582","targetHints":{"allow":["GET"]}}],"collection":[{"href":"https:\/\/zarmentes.hu\/en\/wp-json\/wp\/v2\/pages"}],"about":[{"href":"https:\/\/zarmentes.hu\/en\/wp-json\/wp\/v2\/types\/page"}],"author":[{"embeddable":true,"href":"https:\/\/zarmentes.hu\/en\/wp-json\/wp\/v2\/users\/1"}],"replies":[{"embeddable":true,"href":"https:\/\/zarmentes.hu\/en\/wp-json\/wp\/v2\/comments?post=2582"}],"version-history":[{"count":7,"href":"https:\/\/zarmentes.hu\/en\/wp-json\/wp\/v2\/pages\/2582\/revisions"}],"predecessor-version":[{"id":3640,"href":"https:\/\/zarmentes.hu\/en\/wp-json\/wp\/v2\/pages\/2582\/revisions\/3640"}],"wp:attachment":[{"href":"https:\/\/zarmentes.hu\/en\/wp-json\/wp\/v2\/media?parent=2582"}],"curies":[{"name":"wp","href":"https:\/\/api.w.org\/{rel}","templated":true}]}}