{"id":3904,"date":"2024-03-14T06:49:33","date_gmt":"2024-03-14T06:49:33","guid":{"rendered":"https:\/\/zarmentes.hu\/?page_id=3904"},"modified":"2026-04-08T22:35:07","modified_gmt":"2026-04-08T20:35:07","slug":"blog","status":"publish","type":"page","link":"https:\/\/zarmentes.hu\/en\/blog","title":{"rendered":"Blog"},"content":{"rendered":"<div data-elementor-type=\"wp-page\" data-elementor-id=\"3904\" class=\"elementor elementor-3904\" data-elementor-post-type=\"page\">\n\t\t\t\t<div class=\"elementor-element elementor-element-939486f e-flex e-con-boxed e-con e-parent\" data-id=\"939486f\" data-element_type=\"container\" data-e-type=\"container\">\n\t\t\t\t\t<div class=\"e-con-inner\">\n\t\t\t\t<div class=\"elementor-element elementor-element-db494a1 elementor-widget elementor-widget-heading\" data-id=\"db494a1\" data-element_type=\"widget\" data-e-type=\"widget\" data-widget_type=\"heading.default\">\n\t\t\t\t<div class=\"elementor-widget-container\">\n\t\t\t\t\t<h1 class=\"elementor-heading-title elementor-size-default\">Z\u00e1rprobl\u00e9m\u00e1k, tippek \u00e9s hasznos tudnival\u00f3k egy helyen<\/h1>\t\t\t\t<\/div>\n\t\t\t\t<\/div>\n\t\t\t\t<div class=\"elementor-element elementor-element-10b09ba elementor-widget elementor-widget-text-editor\" data-id=\"10b09ba\" data-element_type=\"widget\" data-e-type=\"widget\" data-widget_type=\"text-editor.default\">\n\t\t\t\t<div class=\"elementor-widget-container\">\n\t\t\t\t\t\t\t\t\t<p>Blogunkban \u00f6sszegy\u0171jt\u00f6tt\u00fck a legfontosabb tudnival\u00f3kat a z\u00e1rnyit\u00e1sr\u00f3l, z\u00e1rjav\u00edt\u00e1sr\u00f3l, kiz\u00e1r\u00f3d\u00e1sr\u00f3l \u00e9s az otthonbiztons\u00e1gr\u00f3l. C\u00e9lunk, hogy hasznos, k\u00f6z\u00e9rthet\u0151 cikkekkel seg\u00edts\u00fcnk eligazodni a leggyakoribb helyzetekben. Ha pedig m\u00e1r nem csak inform\u00e1ci\u00f3ra, hanem gyors seg\u00edts\u00e9gre van sz\u00fcks\u00e9ged, a <strong data-start=\"1361\" data-end=\"1374\">Z\u00e1rmentes<\/strong> csapata rendelkez\u00e9sedre \u00e1ll, ha probl\u00e9ma akad a z\u00e1rral.<\/p>\t\t\t\t\t\t\t\t<\/div>\n\t\t\t\t<\/div>\n\t\t\t\t<div class=\"elementor-element elementor-element-b94c6b5 elementor-grid-3 elementor-grid-tablet-2 elementor-grid-mobile-1 elementor-posts--thumbnail-top elementor-posts--show-avatar elementor-card-shadow-yes elementor-posts__hover-gradient elementor-widget elementor-widget-posts\" data-id=\"b94c6b5\" data-element_type=\"widget\" data-e-type=\"widget\" data-settings=\"{&quot;cards_columns&quot;:&quot;3&quot;,&quot;cards_columns_tablet&quot;:&quot;2&quot;,&quot;cards_columns_mobile&quot;:&quot;1&quot;,&quot;cards_row_gap&quot;:{&quot;unit&quot;:&quot;px&quot;,&quot;size&quot;:35,&quot;sizes&quot;:[]},&quot;cards_row_gap_tablet&quot;:{&quot;unit&quot;:&quot;px&quot;,&quot;size&quot;:&quot;&quot;,&quot;sizes&quot;:[]},&quot;cards_row_gap_mobile&quot;:{&quot;unit&quot;:&quot;px&quot;,&quot;size&quot;:&quot;&quot;,&quot;sizes&quot;:[]}}\" data-widget_type=\"posts.cards\">\n\t\t\t\t<div class=\"elementor-widget-container\">\n\t\t\t\t\t\t\t<div class=\"elementor-posts-container elementor-posts elementor-posts--skin-cards elementor-grid\" role=\"list\">\n\t\t\t\t<article class=\"elementor-post elementor-grid-item post-4472 post type-post status-publish format-standard has-post-thumbnail hentry category-egyeb tag-help tag-uj-lakas tag-zarcsere\" role=\"listitem\">\n\t\t\t<div class=\"elementor-post__card\">\n\t\t\t\t<a class=\"elementor-post__thumbnail__link\" href=\"https:\/\/zarmentes.hu\/en\/egyeb\/mi-az-a-veszfunkcios-zarbetet-es-mikor-lehet-tenyleg-eletmento\" tabindex=\"-1\" ><div class=\"elementor-post__thumbnail\"><img decoding=\"async\" width=\"300\" height=\"164\" src=\"https:\/\/zarmentes.hu\/wp-content\/uploads\/2026\/04\/IMG_0080-300x164.png\" class=\"attachment-medium size-medium wp-image-4454\" alt=\"\" srcset=\"https:\/\/zarmentes.hu\/wp-content\/uploads\/2026\/04\/IMG_0080-300x164.png 300w, https:\/\/zarmentes.hu\/wp-content\/uploads\/2026\/04\/IMG_0080-1024x559.png 1024w, https:\/\/zarmentes.hu\/wp-content\/uploads\/2026\/04\/IMG_0080-768x419.png 768w, https:\/\/zarmentes.hu\/wp-content\/uploads\/2026\/04\/IMG_0080-18x10.png 18w, https:\/\/zarmentes.hu\/wp-content\/uploads\/2026\/04\/IMG_0080.png 1408w\" sizes=\"(max-width: 300px) 100vw, 300px\" \/><\/div><\/a>\n\t\t\t\t<div class=\"elementor-post__badge\">Egy\u00e9b kateg\u00f3ria<\/div>\n\t\t\t\t<div class=\"elementor-post__avatar\">\n\t\t\t\t\t<\/div>\n\t\t\t\t<div class=\"elementor-post__text\">\n\t\t\t\t<h3 class=\"elementor-post__title\">\n\t\t\t<a href=\"https:\/\/zarmentes.hu\/en\/egyeb\/mi-az-a-veszfunkcios-zarbetet-es-mikor-lehet-tenyleg-eletmento\" >\n\t\t\t\tMi az a v\u00e9szfunkci\u00f3s z\u00e1rbet\u00e9t, \u00e9s mikor lehet t\u00e9nyleg \u00e9letment\u0151?\t\t\t<\/a>\n\t\t<\/h3>\n\t\t\t\t<div class=\"elementor-post__excerpt\">\n\t\t\t<p>Sokan azt gondolj\u00e1k, hogy egy z\u00e1rbet\u00e9t feladata kiz\u00e1r\u00f3lag az illet\u00e9ktelen behatol\u00f3k t\u00e1voltart\u00e1sa. B\u00e1r ez az els\u0151dleges funkci\u00f3, a biztons\u00e1gtechnika vil\u00e1g\u00e1ban l\u00e9tezik egy olyan speci\u00e1lis megold\u00e1s,<\/p>\n\t\t<\/div>\n\t\t\t\t<\/div>\n\t\t\t\t<div class=\"elementor-post__meta-data\">\n\t\t\t\t\t<span class=\"elementor-post-author\">\n\t\t\tadmin\t\t<\/span>\n\t\t\t\t<span class=\"elementor-post-date\">\n\t\t\t2026.04.28.\t\t<\/span>\n\t\t\t\t<\/div>\n\t\t\t\t\t<\/div>\n\t\t<\/article>\n\t\t\t\t<article class=\"elementor-post elementor-grid-item post-4358 post type-post status-publish format-standard has-post-thumbnail hentry category-egyeb tag-zarcsere tag-zarcsere-checklist\" role=\"listitem\">\n\t\t\t<div class=\"elementor-post__card\">\n\t\t\t\t<a class=\"elementor-post__thumbnail__link\" href=\"https:\/\/zarmentes.hu\/en\/egyeb\/alberlet-es-zarcsere-mit-kerjen-a-berlo-es-mire-figyeljen-a-tulajdonos\" tabindex=\"-1\" ><div class=\"elementor-post__thumbnail\"><img decoding=\"async\" width=\"300\" height=\"164\" src=\"https:\/\/zarmentes.hu\/wp-content\/uploads\/2026\/04\/IMG_0078-300x164.png\" class=\"attachment-medium size-medium wp-image-4362\" alt=\"\" srcset=\"https:\/\/zarmentes.hu\/wp-content\/uploads\/2026\/04\/IMG_0078-300x164.png 300w, https:\/\/zarmentes.hu\/wp-content\/uploads\/2026\/04\/IMG_0078-1024x559.png 1024w, https:\/\/zarmentes.hu\/wp-content\/uploads\/2026\/04\/IMG_0078-768x419.png 768w, https:\/\/zarmentes.hu\/wp-content\/uploads\/2026\/04\/IMG_0078-18x10.png 18w, https:\/\/zarmentes.hu\/wp-content\/uploads\/2026\/04\/IMG_0078.png 1408w\" sizes=\"(max-width: 300px) 100vw, 300px\" \/><\/div><\/a>\n\t\t\t\t<div class=\"elementor-post__badge\">Egy\u00e9b kateg\u00f3ria<\/div>\n\t\t\t\t<div class=\"elementor-post__avatar\">\n\t\t\t\t\t<\/div>\n\t\t\t\t<div class=\"elementor-post__text\">\n\t\t\t\t<h3 class=\"elementor-post__title\">\n\t\t\t<a href=\"https:\/\/zarmentes.hu\/en\/egyeb\/alberlet-es-zarcsere-mit-kerjen-a-berlo-es-mire-figyeljen-a-tulajdonos\" >\n\t\t\t\tAlb\u00e9rlet \u00e9s z\u00e1rcsere: mit k\u00e9rjen a b\u00e9rl\u0151, \u00e9s mire figyeljen a tulajdonos\t\t\t<\/a>\n\t\t<\/h3>\n\t\t\t\t<div class=\"elementor-post__excerpt\">\n\t\t\t<p>Az alb\u00e9rleti jogviszonyokban az egyik leggyakoribb vit\u00e1s k\u00e9rd\u00e9s a z\u00e1rcsere. B\u00e1r els\u0151re egyszer\u0171 technikai l\u00e9p\u00e9snek t\u0171nik, mind a b\u00e9rl\u0151, mind a tulajdonos r\u00e9sz\u00e9r\u0151l komoly biztons\u00e1gi,<\/p>\n\t\t<\/div>\n\t\t\t\t<\/div>\n\t\t\t\t<div class=\"elementor-post__meta-data\">\n\t\t\t\t\t<span class=\"elementor-post-author\">\n\t\t\tadmin\t\t<\/span>\n\t\t\t\t<span class=\"elementor-post-date\">\n\t\t\t2026.04.20.\t\t<\/span>\n\t\t\t\t<\/div>\n\t\t\t\t\t<\/div>\n\t\t<\/article>\n\t\t\t\t<article class=\"elementor-post elementor-grid-item post-4295 post type-post status-publish format-standard has-post-thumbnail hentry category-egyeb tag-uj-lakas tag-zarcsere-checklist\" role=\"listitem\">\n\t\t\t<div class=\"elementor-post__card\">\n\t\t\t\t<a class=\"elementor-post__thumbnail__link\" href=\"https:\/\/zarmentes.hu\/en\/egyeb\/uj-lakasba-koltoztel-ez-a-zarcsere-checklist-megsporolhat-neked-nemi-fejfajast\" tabindex=\"-1\" ><div class=\"elementor-post__thumbnail\"><img decoding=\"async\" width=\"300\" height=\"164\" src=\"https:\/\/zarmentes.hu\/wp-content\/uploads\/2026\/04\/IMG_0074-300x164.png\" class=\"attachment-medium size-medium wp-image-4257\" alt=\"K\u00f6lt\u00f6ztet\u0151 dobozok a h\u00e1tt\u00e9rben \u00e9s egy szakember, aki \u00e9ppen egy modern bej\u00e1rati ajt\u00f3 z\u00e1rj\u00e1t cser\u00e9li ki kulccsal.\" srcset=\"https:\/\/zarmentes.hu\/wp-content\/uploads\/2026\/04\/IMG_0074-300x164.png 300w, https:\/\/zarmentes.hu\/wp-content\/uploads\/2026\/04\/IMG_0074-1024x559.png 1024w, https:\/\/zarmentes.hu\/wp-content\/uploads\/2026\/04\/IMG_0074-768x419.png 768w, https:\/\/zarmentes.hu\/wp-content\/uploads\/2026\/04\/IMG_0074-18x10.png 18w, https:\/\/zarmentes.hu\/wp-content\/uploads\/2026\/04\/IMG_0074.png 1408w\" sizes=\"(max-width: 300px) 100vw, 300px\" \/><\/div><\/a>\n\t\t\t\t<div class=\"elementor-post__badge\">Egy\u00e9b kateg\u00f3ria<\/div>\n\t\t\t\t<div class=\"elementor-post__avatar\">\n\t\t\t\t\t<\/div>\n\t\t\t\t<div class=\"elementor-post__text\">\n\t\t\t\t<h3 class=\"elementor-post__title\">\n\t\t\t<a href=\"https:\/\/zarmentes.hu\/en\/egyeb\/uj-lakasba-koltoztel-ez-a-zarcsere-checklist-megsporolhat-neked-nemi-fejfajast\" >\n\t\t\t\t\u00daj lak\u00e1sba k\u00f6lt\u00f6zt\u00e9l? Ez a z\u00e1rcsere-checklist megsp\u00f3rolhat Neked n\u00e9mi fejf\u00e1j\u00e1st\t\t\t<\/a>\n\t\t<\/h3>\n\t\t\t\t<div class=\"elementor-post__excerpt\">\n\t\t\t<p>Gratul\u00e1lunk az \u00faj otthonodhoz! A k\u00f6lt\u00f6z\u00e9s izgalmai k\u00f6zepette a biztons\u00e1g az egyik legfontosabb t\u00e9nyez\u0151, amir\u0151l hajlamosak vagyunk elfeledkezni. Sokan nem is gondolnak bele, h\u00e1ny k\u00e9zben<\/p>\n\t\t<\/div>\n\t\t\t\t<\/div>\n\t\t\t\t<div class=\"elementor-post__meta-data\">\n\t\t\t\t\t<span class=\"elementor-post-author\">\n\t\t\tadmin\t\t<\/span>\n\t\t\t\t<span class=\"elementor-post-date\">\n\t\t\t2026.04.15.\t\t<\/span>\n\t\t\t\t<\/div>\n\t\t\t\t\t<\/div>\n\t\t<\/article>\n\t\t\t\t<article class=\"elementor-post elementor-grid-item post-4163 post type-post status-publish format-standard has-post-thumbnail hentry category-egyeb tag-help tag-zarnyitas\" role=\"listitem\">\n\t\t\t<div class=\"elementor-post__card\">\n\t\t\t\t<a class=\"elementor-post__thumbnail__link\" href=\"https:\/\/zarmentes.hu\/en\/egyeb\/mit-mondj-a-zarszerelonek-a-telefonban-5-info-a-gyors-es-hatekony-segitseghez\" tabindex=\"-1\" ><div class=\"elementor-post__thumbnail\"><img loading=\"lazy\" decoding=\"async\" width=\"300\" height=\"163\" src=\"https:\/\/zarmentes.hu\/wp-content\/uploads\/2026\/04\/IMG_0071-300x163.png\" class=\"attachment-medium size-medium wp-image-4165\" alt=\"\" srcset=\"https:\/\/zarmentes.hu\/wp-content\/uploads\/2026\/04\/IMG_0071-300x163.png 300w, https:\/\/zarmentes.hu\/wp-content\/uploads\/2026\/04\/IMG_0071-18x10.png 18w, https:\/\/zarmentes.hu\/wp-content\/uploads\/2026\/04\/IMG_0071.png 512w\" sizes=\"(max-width: 300px) 100vw, 300px\" \/><\/div><\/a>\n\t\t\t\t<div class=\"elementor-post__badge\">Egy\u00e9b kateg\u00f3ria<\/div>\n\t\t\t\t<div class=\"elementor-post__avatar\">\n\t\t\t\t\t<\/div>\n\t\t\t\t<div class=\"elementor-post__text\">\n\t\t\t\t<h3 class=\"elementor-post__title\">\n\t\t\t<a href=\"https:\/\/zarmentes.hu\/en\/egyeb\/mit-mondj-a-zarszerelonek-a-telefonban-5-info-a-gyors-es-hatekony-segitseghez\" >\n\t\t\t\tMit mondj a z\u00e1rszerel\u0151nek a telefonban? \u2013 5 inf\u00f3 a gyors \u00e9s hat\u00e9kony seg\u00edts\u00e9ghez\t\t\t<\/a>\n\t\t<\/h3>\n\t\t\t\t<div class=\"elementor-post__excerpt\">\n\t\t\t<p>Egy huzat, ami becsapja az ajt\u00f3t, egy belet\u00f6rt kulcs, vagy egy megmagyar\u00e1zhatatlanul szorul\u00f3 z\u00e1r&#8230; Ilyenkor a legt\u00f6bb ember azonnal telefonhoz ny\u00fal. A p\u00e1nik \u00e9rthet\u0151, de<\/p>\n\t\t<\/div>\n\t\t\t\t<\/div>\n\t\t\t\t<div class=\"elementor-post__meta-data\">\n\t\t\t\t\t<span class=\"elementor-post-author\">\n\t\t\tadmin\t\t<\/span>\n\t\t\t\t<span class=\"elementor-post-date\">\n\t\t\t2026.04.08.\t\t<\/span>\n\t\t\t\t<\/div>\n\t\t\t\t\t<\/div>\n\t\t<\/article>\n\t\t\t\t<article class=\"elementor-post elementor-grid-item post-4095 post type-post status-publish format-standard has-post-thumbnail hentry category-egyeb tag-help tag-zarcsere-checklist tag-zarnyitas\" role=\"listitem\">\n\t\t\t<div class=\"elementor-post__card\">\n\t\t\t\t<a class=\"elementor-post__thumbnail__link\" href=\"https:\/\/zarmentes.hu\/en\/egyeb\/kizartad-magad-7-dolog-amit-azonnal-tegyel\" tabindex=\"-1\" ><div class=\"elementor-post__thumbnail\"><img loading=\"lazy\" decoding=\"async\" width=\"300\" height=\"164\" src=\"https:\/\/zarmentes.hu\/wp-content\/uploads\/2026\/04\/IMG_0068-300x164.png\" class=\"attachment-medium size-medium wp-image-4097\" alt=\"\" srcset=\"https:\/\/zarmentes.hu\/wp-content\/uploads\/2026\/04\/IMG_0068-300x164.png 300w, https:\/\/zarmentes.hu\/wp-content\/uploads\/2026\/04\/IMG_0068-1024x559.png 1024w, https:\/\/zarmentes.hu\/wp-content\/uploads\/2026\/04\/IMG_0068-768x419.png 768w, https:\/\/zarmentes.hu\/wp-content\/uploads\/2026\/04\/IMG_0068-18x10.png 18w, https:\/\/zarmentes.hu\/wp-content\/uploads\/2026\/04\/IMG_0068.png 1408w\" sizes=\"(max-width: 300px) 100vw, 300px\" \/><\/div><\/a>\n\t\t\t\t<div class=\"elementor-post__badge\">Egy\u00e9b kateg\u00f3ria<\/div>\n\t\t\t\t<div class=\"elementor-post__avatar\">\n\t\t\t\t\t<\/div>\n\t\t\t\t<div class=\"elementor-post__text\">\n\t\t\t\t<h3 class=\"elementor-post__title\">\n\t\t\t<a href=\"https:\/\/zarmentes.hu\/en\/egyeb\/kizartad-magad-7-dolog-amit-azonnal-tegyel\" >\n\t\t\t\tKizartad magad? 7 dolog amit azonnal tegy\u00e9l\t\t\t<\/a>\n\t\t<\/h3>\n\t\t\t\t<div class=\"elementor-post__excerpt\">\n\t\t\t<p>Az a pillanat, amikor becsuk\u00f3dik m\u00f6g\u00f6tted az ajt\u00f3, \u00e9s r\u00e1j\u00f6ssz, hogy a kulcs odabent maradt, szinte mindenkinek r\u00e9m\u00e1lom. Egy huzat, egy siet\u0151s reggel vagy egy<\/p>\n\t\t<\/div>\n\t\t\t\t<\/div>\n\t\t\t\t<div class=\"elementor-post__meta-data\">\n\t\t\t\t\t<span class=\"elementor-post-author\">\n\t\t\tadmin\t\t<\/span>\n\t\t\t\t<span class=\"elementor-post-date\">\n\t\t\t2026.04.01.\t\t<\/span>\n\t\t\t\t<\/div>\n\t\t\t\t\t<\/div>\n\t\t<\/article>\n\t\t\t\t<article class=\"elementor-post elementor-grid-item post-3895 post type-post status-publish format-standard has-post-thumbnail hentry category-egyeb tag-help tag-zarjavitas\" role=\"listitem\">\n\t\t\t<div class=\"elementor-post__card\">\n\t\t\t\t<a class=\"elementor-post__thumbnail__link\" href=\"https:\/\/zarmentes.hu\/en\/egyeb\/a-szakertoi-tudas-fontossaga\" tabindex=\"-1\" ><div class=\"elementor-post__thumbnail\"><img loading=\"lazy\" decoding=\"async\" width=\"300\" height=\"200\" src=\"https:\/\/zarmentes.hu\/wp-content\/uploads\/2024\/03\/A-szakertoi-tudas-fontossaga-300x200.jpg\" class=\"attachment-medium size-medium wp-image-4132\" alt=\"\" srcset=\"https:\/\/zarmentes.hu\/wp-content\/uploads\/2024\/03\/A-szakertoi-tudas-fontossaga-300x200.jpg 300w, https:\/\/zarmentes.hu\/wp-content\/uploads\/2024\/03\/A-szakertoi-tudas-fontossaga-1024x683.jpg 1024w, https:\/\/zarmentes.hu\/wp-content\/uploads\/2024\/03\/A-szakertoi-tudas-fontossaga-768x512.jpg 768w, https:\/\/zarmentes.hu\/wp-content\/uploads\/2024\/03\/A-szakertoi-tudas-fontossaga-18x12.jpg 18w, https:\/\/zarmentes.hu\/wp-content\/uploads\/2024\/03\/A-szakertoi-tudas-fontossaga.jpg 1200w\" sizes=\"(max-width: 300px) 100vw, 300px\" \/><\/div><\/a>\n\t\t\t\t<div class=\"elementor-post__badge\">Egy\u00e9b kateg\u00f3ria<\/div>\n\t\t\t\t<div class=\"elementor-post__avatar\">\n\t\t\t\t\t<\/div>\n\t\t\t\t<div class=\"elementor-post__text\">\n\t\t\t\t<h3 class=\"elementor-post__title\">\n\t\t\t<a href=\"https:\/\/zarmentes.hu\/en\/egyeb\/a-szakertoi-tudas-fontossaga\" >\n\t\t\t\tA szak\u00e9rt\u0151i tud\u00e1s fontoss\u00e1ga\t\t\t<\/a>\n\t\t<\/h3>\n\t\t\t\t<div class=\"elementor-post__excerpt\">\n\t\t\t<p>A szak\u00e9rt\u0151i tud\u00e1s fontoss\u00e1ga Amikor z\u00e1rprobl\u00e9m\u00e1val szembes\u00fcl\u00fcnk, sokan gondolhatj\u00e1k, hogy a z\u00e1rcsere egyszer\u0171 feladat, amit ak\u00e1r saj\u00e1t magunk is elv\u00e9gezhet\u00fcnk. Azonban, ahogy a k\u00f6vetkez\u0151 sorokban<\/p>\n\t\t<\/div>\n\t\t\t\t<\/div>\n\t\t\t\t<div class=\"elementor-post__meta-data\">\n\t\t\t\t\t<span class=\"elementor-post-author\">\n\t\t\tadmin\t\t<\/span>\n\t\t\t\t<span class=\"elementor-post-date\">\n\t\t\t2024.03.13.\t\t<\/span>\n\t\t\t\t<\/div>\n\t\t\t\t\t<\/div>\n\t\t<\/article>\n\t\t\t\t<\/div>\n\t\t\n\t\t\t\t\t\t<\/div>\n\t\t\t\t<\/div>\n\t\t\t\t\t<\/div>\n\t\t\t\t<\/div>\n\t\t\t\t<\/div>","protected":false},"excerpt":{"rendered":"<p>Z\u00e1rprobl\u00e9m\u00e1k, tippek \u00e9s hasznos tudnival\u00f3k egy helyen Blogunkban \u00f6sszegy\u0171jt\u00f6tt\u00fck a legfontosabb tudnival\u00f3kat a z\u00e1rnyit\u00e1sr\u00f3l, z\u00e1rjav\u00edt\u00e1sr\u00f3l, kiz\u00e1r\u00f3d\u00e1sr\u00f3l \u00e9s az otthonbiztons\u00e1gr\u00f3l. C\u00e9lunk, hogy hasznos, k\u00f6z\u00e9rthet\u0151 cikkekkel seg\u00edts\u00fcnk eligazodni a leggyakoribb helyzetekben. Ha pedig m\u00e1r nem csak inform\u00e1ci\u00f3ra, hanem gyors seg\u00edts\u00e9gre van sz\u00fcks\u00e9ged, a Z\u00e1rmentes csapata rendelkez\u00e9sedre \u00e1ll, ha probl\u00e9ma akad a z\u00e1rral.<\/p>","protected":false},"author":1,"featured_media":0,"parent":0,"menu_order":0,"comment_status":"closed","ping_status":"closed","template":"elementor_header_footer","meta":{"_seopress_robots_primary_cat":"","_seopress_titles_title":"","_seopress_titles_desc":"","_seopress_robots_index":"","site-sidebar-layout":"no-sidebar","site-content-layout":"page-builder","ast-site-content-layout":"full-width-container","site-content-style":"default","site-sidebar-style":"default","ast-global-header-display":"","ast-banner-title-visibility":"","ast-main-header-display":"","ast-hfb-above-header-display":"","ast-hfb-below-header-display":"","ast-hfb-mobile-header-display":"","site-post-title":"","ast-breadcrumbs-content":"","ast-featured-img":"disabled","footer-sml-layout":"","ast-disable-related-posts":"","theme-transparent-header-meta":"","adv-header-id-meta":"","stick-header-meta":"","header-above-stick-meta":"","header-main-stick-meta":"","header-below-stick-meta":"","astra-migrate-meta-layouts":"default","ast-page-background-enabled":"default","ast-page-background-meta":{"desktop":{"background-color":"","background-image":"","background-repeat":"repeat","background-position":"center center","background-size":"auto","background-attachment":"scroll","background-type":"","background-media":"","overlay-type":"","overlay-color":"","overlay-opacity":"","overlay-gradient":""},"tablet":{"background-color":"","background-image":"","background-repeat":"repeat","background-position":"center center","background-size":"auto","background-attachment":"scroll","background-type":"","background-media":"","overlay-type":"","overlay-color":"","overlay-opacity":"","overlay-gradient":""},"mobile":{"background-color":"","background-image":"","background-repeat":"repeat","background-position":"center center","background-size":"auto","background-attachment":"scroll","background-type":"","background-media":"","overlay-type":"","overlay-color":"","overlay-opacity":"","overlay-gradient":""}},"ast-content-background-meta":{"desktop":{"background-color":"var(--ast-global-color-5)","background-image":"","background-repeat":"repeat","background-position":"center center","background-size":"auto","background-attachment":"scroll","background-type":"","background-media":"","overlay-type":"","overlay-color":"","overlay-opacity":"","overlay-gradient":""},"tablet":{"background-color":"var(--ast-global-color-5)","background-image":"","background-repeat":"repeat","background-position":"center center","background-size":"auto","background-attachment":"scroll","background-type":"","background-media":"","overlay-type":"","overlay-color":"","overlay-opacity":"","overlay-gradient":""},"mobile":{"background-color":"var(--ast-global-color-5)","background-image":"","background-repeat":"repeat","background-position":"center center","background-size":"auto","background-attachment":"scroll","background-type":"","background-media":"","overlay-type":"","overlay-color":"","overlay-opacity":"","overlay-gradient":""}},"footnotes":""},"class_list":["post-3904","page","type-page","status-publish","hentry"],"_links":{"self":[{"href":"https:\/\/zarmentes.hu\/en\/wp-json\/wp\/v2\/pages\/3904","targetHints":{"allow":["GET"]}}],"collection":[{"href":"https:\/\/zarmentes.hu\/en\/wp-json\/wp\/v2\/pages"}],"about":[{"href":"https:\/\/zarmentes.hu\/en\/wp-json\/wp\/v2\/types\/page"}],"author":[{"embeddable":true,"href":"https:\/\/zarmentes.hu\/en\/wp-json\/wp\/v2\/users\/1"}],"replies":[{"embeddable":true,"href":"https:\/\/zarmentes.hu\/en\/wp-json\/wp\/v2\/comments?post=3904"}],"version-history":[{"count":15,"href":"https:\/\/zarmentes.hu\/en\/wp-json\/wp\/v2\/pages\/3904\/revisions"}],"predecessor-version":[{"id":4180,"href":"https:\/\/zarmentes.hu\/en\/wp-json\/wp\/v2\/pages\/3904\/revisions\/4180"}],"wp:attachment":[{"href":"https:\/\/zarmentes.hu\/en\/wp-json\/wp\/v2\/media?parent=3904"}],"curies":[{"name":"wp","href":"https:\/\/api.w.org\/{rel}","templated":true}]}}